{"id":16,"date":"2025-09-01T09:11:49","date_gmt":"2025-09-01T09:11:49","guid":{"rendered":"https:\/\/wp.als081224ol.hemsida.eu\/?page_id=16"},"modified":"2025-12-16T11:17:16","modified_gmt":"2025-12-16T11:17:16","slug":"about","status":"publish","type":"page","link":"https:\/\/wp.als081224ol.hemsida.eu\/index.php\/about\/","title":{"rendered":"About"},"content":{"rendered":"\n<p>Den h\u00e4r sidan handlar om mig och mitt intresse f\u00f6r disc golf. H\u00e4r delar jag med mig av min passion f\u00f6r sporten, mina erfarenheter och hur jag tr\u00e4nar f\u00f6r att bli b\u00e4ttre.<\/p>\n\n\n\n<p>Sidan inneh\u00e5ller \u00e4ven mina skoluppgifter fr\u00e5n kursen i webbutveckling. P\u00e5 s\u00e5 s\u00e4tt \u00e4r sidan b\u00e5de ett s\u00e4tt f\u00f6r mig att visa upp mitt intresse f\u00f6r disc golf och ett s\u00e4tt att samla och visa mitt arbete fr\u00e5n skolan.<\/p>\n\n\n\n<figure class=\"wp-block-image size-full\"><img loading=\"lazy\" decoding=\"async\" width=\"1010\" height=\"420\" src=\"https:\/\/wp.als081224ol.hemsida.eu\/wp-content\/uploads\/2025\/09\/20201229_183308.jpg\" alt=\"\" class=\"wp-image-41\" srcset=\"https:\/\/wp.als081224ol.hemsida.eu\/wp-content\/uploads\/2025\/09\/20201229_183308.jpg 1010w, https:\/\/wp.als081224ol.hemsida.eu\/wp-content\/uploads\/2025\/09\/20201229_183308-300x125.jpg 300w, https:\/\/wp.als081224ol.hemsida.eu\/wp-content\/uploads\/2025\/09\/20201229_183308-768x319.jpg 768w\" sizes=\"auto, (max-width: 1010px) 100vw, 1010px\" \/><\/figure>\n","protected":false},"excerpt":{"rendered":"<p>Den h\u00e4r sidan handlar om mig och mitt intresse f\u00f6r disc golf. H\u00e4r delar jag med mig av min passion f\u00f6r sporten, mina erfarenheter och hur jag tr\u00e4nar f\u00f6r att bli b\u00e4ttre. Sidan inneh\u00e5ller \u00e4ven mina skoluppgifter fr\u00e5n kursen i webbutveckling. P\u00e5 s\u00e5 s\u00e4tt \u00e4r sidan b\u00e5de ett s\u00e4tt f\u00f6r mig att visa upp mitt [&hellip;]<\/p>\n","protected":false},"author":1,"featured_media":0,"parent":0,"menu_order":0,"comment_status":"closed","ping_status":"closed","template":"","meta":{"footnotes":""},"class_list":["post-16","page","type-page","status-publish","hentry"],"_links":{"self":[{"href":"https:\/\/wp.als081224ol.hemsida.eu\/index.php\/wp-json\/wp\/v2\/pages\/16","targetHints":{"allow":["GET"]}}],"collection":[{"href":"https:\/\/wp.als081224ol.hemsida.eu\/index.php\/wp-json\/wp\/v2\/pages"}],"about":[{"href":"https:\/\/wp.als081224ol.hemsida.eu\/index.php\/wp-json\/wp\/v2\/types\/page"}],"author":[{"embeddable":true,"href":"https:\/\/wp.als081224ol.hemsida.eu\/index.php\/wp-json\/wp\/v2\/users\/1"}],"replies":[{"embeddable":true,"href":"https:\/\/wp.als081224ol.hemsida.eu\/index.php\/wp-json\/wp\/v2\/comments?post=16"}],"version-history":[{"count":3,"href":"https:\/\/wp.als081224ol.hemsida.eu\/index.php\/wp-json\/wp\/v2\/pages\/16\/revisions"}],"predecessor-version":[{"id":92,"href":"https:\/\/wp.als081224ol.hemsida.eu\/index.php\/wp-json\/wp\/v2\/pages\/16\/revisions\/92"}],"wp:attachment":[{"href":"https:\/\/wp.als081224ol.hemsida.eu\/index.php\/wp-json\/wp\/v2\/media?parent=16"}],"curies":[{"name":"wp","href":"https:\/\/api.w.org\/{rel}","templated":true}]}}