{"id":10,"date":"2025-08-26T10:56:39","date_gmt":"2025-08-26T10:56:39","guid":{"rendered":"https:\/\/wp.als081224ol.hemsida.eu\/?page_id=10"},"modified":"2025-12-16T13:14:53","modified_gmt":"2025-12-16T13:14:53","slug":"home","status":"publish","type":"page","link":"https:\/\/wp.als081224ol.hemsida.eu\/","title":{"rendered":"Home"},"content":{"rendered":"\n<div class=\"wp-block-columns is-layout-flex wp-container-core-columns-is-layout-28f84493 wp-block-columns-is-layout-flex\">\n<div class=\"wp-block-column is-layout-flow wp-block-column-is-layout-flow\">\n<p><\/p>\n\n\n\n<h2 class=\"wp-block-heading has-text-align-center\">  Disc golf intresserar mig!<\/h2>\n\n\n\n<p class=\"has-text-align-center\">P\u00e5 denna sidan kan du se att jag \u00e4r intresserad av Disc Golf men att jag                                                                 \u00e4ven l\u00e4gger upp mina skolarbeten h\u00e4r fr\u00e5n en kurs som heter  Webbutveckling.<\/p>\n\n\n\n<div class=\"wp-block-buttons is-content-justification-center is-layout-flex wp-container-core-buttons-is-layout-a89b3969 wp-block-buttons-is-layout-flex\">\n<div class=\"wp-block-button\"><a class=\"wp-block-button__link wp-element-button\" href=\"https:\/\/www.youtube.com\/watch?v=X79B6P0jOSk&amp;t=241s\">Disc golf video!<\/a><\/div>\n\n\n\n<div class=\"wp-block-button\"><a class=\"wp-block-button__link wp-element-button\" href=\"https:\/\/wp.als081224ol.hemsida.eu\/index.php\/school\/\">Skoluppgifter<\/a><\/div>\n<\/div>\n<\/div>\n\n\n\n<div class=\"wp-block-column is-layout-flow wp-block-column-is-layout-flow\">\n<figure class=\"wp-block-image aligncenter size-large is-resized\"><img loading=\"lazy\" decoding=\"async\" width=\"1024\" height=\"576\" src=\"https:\/\/wp.als081224ol.hemsida.eu\/wp-content\/uploads\/2025\/09\/287.0-scaled-1-1024x576.webp\" alt=\"\" class=\"wp-image-25\" style=\"width:553px;height:auto\" srcset=\"https:\/\/wp.als081224ol.hemsida.eu\/wp-content\/uploads\/2025\/09\/287.0-scaled-1-1024x576.webp 1024w, https:\/\/wp.als081224ol.hemsida.eu\/wp-content\/uploads\/2025\/09\/287.0-scaled-1-300x169.webp 300w, https:\/\/wp.als081224ol.hemsida.eu\/wp-content\/uploads\/2025\/09\/287.0-scaled-1-768x432.webp 768w, https:\/\/wp.als081224ol.hemsida.eu\/wp-content\/uploads\/2025\/09\/287.0-scaled-1-1536x864.webp 1536w, https:\/\/wp.als081224ol.hemsida.eu\/wp-content\/uploads\/2025\/09\/287.0-scaled-1-2048x1152.webp 2048w\" sizes=\"auto, (max-width: 1024px) 100vw, 1024px\" \/><\/figure>\n<\/div>\n<\/div>\n\n\n\n<blockquote class=\"wp-block-quote is-layout-flow wp-block-quote-is-layout-flow\">\n<p><strong>&#8220;Learn to throw flat and straight, everything else works off of that.&#8221;<\/strong><br>\u2013 Ken &#8220;The Champ&#8221; Climo<\/p>\n<\/blockquote>\n\n\n\n<p><\/p>\n","protected":false},"excerpt":{"rendered":"<p>Disc golf intresserar mig! P\u00e5 denna sidan kan du se att jag \u00e4r intresserad av Disc Golf men att jag \u00e4ven l\u00e4gger upp mina skolarbeten h\u00e4r fr\u00e5n en kurs som heter Webbutveckling. &#8220;Learn to throw flat and straight, everything else works off of that.&#8221;\u2013 Ken &#8220;The Champ&#8221; Climo<\/p>\n","protected":false},"author":1,"featured_media":0,"parent":0,"menu_order":0,"comment_status":"closed","ping_status":"closed","template":"","meta":{"footnotes":""},"class_list":["post-10","page","type-page","status-publish","hentry"],"_links":{"self":[{"href":"https:\/\/wp.als081224ol.hemsida.eu\/index.php\/wp-json\/wp\/v2\/pages\/10","targetHints":{"allow":["GET"]}}],"collection":[{"href":"https:\/\/wp.als081224ol.hemsida.eu\/index.php\/wp-json\/wp\/v2\/pages"}],"about":[{"href":"https:\/\/wp.als081224ol.hemsida.eu\/index.php\/wp-json\/wp\/v2\/types\/page"}],"author":[{"embeddable":true,"href":"https:\/\/wp.als081224ol.hemsida.eu\/index.php\/wp-json\/wp\/v2\/users\/1"}],"replies":[{"embeddable":true,"href":"https:\/\/wp.als081224ol.hemsida.eu\/index.php\/wp-json\/wp\/v2\/comments?post=10"}],"version-history":[{"count":16,"href":"https:\/\/wp.als081224ol.hemsida.eu\/index.php\/wp-json\/wp\/v2\/pages\/10\/revisions"}],"predecessor-version":[{"id":106,"href":"https:\/\/wp.als081224ol.hemsida.eu\/index.php\/wp-json\/wp\/v2\/pages\/10\/revisions\/106"}],"wp:attachment":[{"href":"https:\/\/wp.als081224ol.hemsida.eu\/index.php\/wp-json\/wp\/v2\/media?parent=10"}],"curies":[{"name":"wp","href":"https:\/\/api.w.org\/{rel}","templated":true}]}}